{"id":422,"date":"2020-12-28T10:01:17","date_gmt":"2020-12-28T10:01:17","guid":{"rendered":"http:\/\/earlharrisjr.com\/inicio\/"},"modified":"2022-06-02T14:01:58","modified_gmt":"2022-06-02T14:01:58","slug":"inicio","status":"publish","type":"page","link":"https:\/\/earlharrisjr.us\/?page_id=422&lang=es","title":{"rendered":"Inicio"},"content":{"rendered":"\n\n\t<p>Representa al Distrito 2 en la C\u00e1mara de Representantes de Indiana. Se desempe\u00f1a en los siguientes comit\u00e9s legislativos: Medios y Arbitrios, Reforma del Gobierno y Regulaciones, as\u00ed como el Comit\u00e9 Selecto de Reducci\u00f3n del Gobierno. Fundador y propietario de una productora de televisi\u00f3n y video. Vicepresidente del Caucus Legislativo Negro de Indiana. Involucrado con el Indiana Latino Institute. Hijo de la ex Representante Estatal de Indiana Donna Harris y del difunto Representante Estatal de Indiana Earl Harris, Miembro Sr. de la Junta de Presidentes del Caucus Hispano.<\/p>\n\t\t\t<a href=\"http:\/\/earlharrisjr.com\/sobre-earl\/?lang=es\" target=\"_self\" role=\"button\" rel=\"noopener\">\n\t\t\t\t\t\t\tSobre Earl\n\t\t\t\t\t<\/a>\n\t\t\t<a href=\"https:\/\/secure.actblue.com\/donate\/earl-harris-2\" target=\"_blank\" role=\"button\" rel=\"noopener\">\n\t\t\t\t\t\t\tDonaci\u00f3n\n\t\t\t\t\t<\/a>\n\t\t\t<a href=\"http:\/\/iga.in.gov\/legislative\/2022\/legislators\/legislator_earl_harris_1\/\" target=\"_blank\" role=\"button\" rel=\"noopener\">\n\t\t\t\t\t\t\tLegislaci\u00f3n\n\t\t\t\t\t<\/a>\n<h3>\n\t\tLegislaci\u00f3n y Comit\u00e9s\n\t<\/h3>\n\t\t\t<a href=\"http:\/\/iga.in.gov\/legislative\/2021\/legislators\/legislator_earl_harris_1\/\" target=\"_self\" role=\"button\" rel=\"noopener\">\n\t\t\t\t\t\t\tLegislaci\u00f3n\n\t\t\t\t\t<\/a>\n\t\t\t<a href=\"http:\/\/iga.in.gov\/legislative\/2022\/legislators\/legislator_earl_harris_1\/\" target=\"_self\" role=\"button\" rel=\"noopener\">\n\t\t\t\t\t\t\tComit\u00e9s\n\t\t\t\t\t<\/a>\n<h2>\n\t\tRedes Sociales\n\t<\/h2>\n\t<blockquote cite=\"https:\/\/www.facebook.com\/EarlLHarrisJr\"><a href=\"https:\/\/www.facebook.com\/EarlLHarrisJr\/\">Earl Harris, Jr.<\/a><\/blockquote>\n\t<a data-widht=\"450\" data-height=\"600\" href=\"https:\/\/twitter.com\/Earl_Harris_Jr?ref_src=twsrc%5Etfw\">Tweets de Earl_Harris_Jr<\/a>  \n<h2>\n\t\tYouTube\n\t<\/h2>\n\t<iframe loading=\"lazy\" width=\"auto\" height=\"auto\" src=\"https:\/\/www.youtube.com\/embed\/1Oy891FFMr4\" frameborder=\"0\" allow=\"accelerometer; autoplay; clipboard-write; encrypted-media; gyroscope; picture-in-picture\" allowfullscreen=\"\"><\/iframe>\n\t<iframe loading=\"lazy\" width=\"auto\" height=\"auto\" src=\"https:\/\/www.youtube.com\/embed\/1v09n2_YRHg\" frameborder=\"0\" allow=\"accelerometer; autoplay; clipboard-write; encrypted-media; gyroscope; picture-in-picture\" allowfullscreen=\"\"><\/iframe>\n\t<iframe loading=\"lazy\" width=\"auto\" height=\"auto\" src=\"https:\/\/www.youtube.com\/embed\/-QV5Ne4fqGQ\" frameborder=\"0\" allow=\"accelerometer; autoplay; clipboard-write; encrypted-media; gyroscope; picture-in-picture\" allowfullscreen=\"\"><\/iframe>\n\t<iframe loading=\"lazy\" width=\"auto\" height=\"auto\" src=\"https:\/\/www.youtube.com\/embed\/J3hwjScQsik\" frameborder=\"0\" allow=\"accelerometer; autoplay; clipboard-write; encrypted-media; gyroscope; picture-in-picture\" allowfullscreen=\"\"><\/iframe>\n<h2>\n\t\tNoticias Recientes\n\t<\/h2>\n\n","protected":false},"excerpt":{"rendered":"<p>Representa al Distrito 2 en la C\u00e1mara de Representantes de Indiana. Se desempe\u00f1a en los siguientes comit\u00e9s legislativos: Medios y Arbitrios, Reforma del Gobierno y Regulaciones, as\u00ed como el Comit\u00e9 Selecto de Reducci\u00f3n del Gobierno. Fundador y propietario de una productora de televisi\u00f3n y video. Vicepresidente del Caucus Legislativo Negro de Indiana. Involucrado con el&hellip;<\/p>\n","protected":false},"author":1,"featured_media":0,"parent":0,"menu_order":0,"comment_status":"closed","ping_status":"closed","template":"","meta":{"footnotes":""},"class_list":["post-422","page","type-page","status-publish","hentry"],"yoast_head":"<!-- This site is optimized with the Yoast SEO plugin v22.8 - https:\/\/yoast.com\/wordpress\/plugins\/seo\/ -->\n<title>Inicio - Earl Harris Jr.<\/title>\n<meta name=\"robots\" content=\"index, follow, max-snippet:-1, max-image-preview:large, max-video-preview:-1\" \/>\n<link rel=\"canonical\" href=\"https:\/\/earlharrisjr.us\/?page_id=422\" \/>\n<meta property=\"og:locale\" content=\"en_US\" \/>\n<meta property=\"og:type\" content=\"article\" \/>\n<meta property=\"og:title\" content=\"Inicio - Earl Harris Jr.\" \/>\n<meta property=\"og:description\" content=\"Representa al Distrito 2 en la C\u00e1mara de Representantes de Indiana. Se desempe\u00f1a en los siguientes comit\u00e9s legislativos: Medios y Arbitrios, Reforma del Gobierno y Regulaciones, as\u00ed como el Comit\u00e9 Selecto de Reducci\u00f3n del Gobierno. Fundador y propietario de una productora de televisi\u00f3n y video. Vicepresidente del Caucus Legislativo Negro de Indiana. Involucrado con el&hellip;\" \/>\n<meta property=\"og:url\" content=\"https:\/\/earlharrisjr.us\/?page_id=422&amp;lang=es\" \/>\n<meta property=\"og:site_name\" content=\"Earl Harris Jr.\" \/>\n<meta property=\"article:modified_time\" content=\"2022-06-02T14:01:58+00:00\" \/>\n<meta name=\"twitter:card\" content=\"summary_large_image\" \/>\n<script type=\"application\/ld+json\" class=\"yoast-schema-graph\">{\"@context\":\"https:\/\/schema.org\",\"@graph\":[{\"@type\":\"WebPage\",\"@id\":\"https:\/\/earlharrisjr.us\/?page_id=422&lang=es\",\"url\":\"https:\/\/earlharrisjr.us\/?page_id=422&lang=es\",\"name\":\"Inicio - Earl Harris Jr.\",\"isPartOf\":{\"@id\":\"https:\/\/earlharrisjr.us\/#website\"},\"datePublished\":\"2020-12-28T10:01:17+00:00\",\"dateModified\":\"2022-06-02T14:01:58+00:00\",\"breadcrumb\":{\"@id\":\"https:\/\/earlharrisjr.us\/?page_id=422&lang=es#breadcrumb\"},\"inLanguage\":\"en-US\",\"potentialAction\":[{\"@type\":\"ReadAction\",\"target\":[\"https:\/\/earlharrisjr.us\/?page_id=422&lang=es\"]}]},{\"@type\":\"BreadcrumbList\",\"@id\":\"https:\/\/earlharrisjr.us\/?page_id=422&lang=es#breadcrumb\",\"itemListElement\":[{\"@type\":\"ListItem\",\"position\":1,\"name\":\"Home\",\"item\":\"https:\/\/earlharrisjr.us\/\"},{\"@type\":\"ListItem\",\"position\":2,\"name\":\"Inicio\"}]},{\"@type\":\"WebSite\",\"@id\":\"https:\/\/earlharrisjr.us\/#website\",\"url\":\"https:\/\/earlharrisjr.us\/\",\"name\":\"Earl Harris Jr.\",\"description\":\"Indiana State Representative\",\"potentialAction\":[{\"@type\":\"SearchAction\",\"target\":{\"@type\":\"EntryPoint\",\"urlTemplate\":\"https:\/\/earlharrisjr.us\/?s={search_term_string}\"},\"query-input\":\"required name=search_term_string\"}],\"inLanguage\":\"en-US\"}]}<\/script>\n<!-- \/ Yoast SEO plugin. -->","yoast_head_json":{"title":"Inicio - Earl Harris Jr.","robots":{"index":"index","follow":"follow","max-snippet":"max-snippet:-1","max-image-preview":"max-image-preview:large","max-video-preview":"max-video-preview:-1"},"canonical":"https:\/\/earlharrisjr.us\/?page_id=422","og_locale":"en_US","og_type":"article","og_title":"Inicio - Earl Harris Jr.","og_description":"Representa al Distrito 2 en la C\u00e1mara de Representantes de Indiana. Se desempe\u00f1a en los siguientes comit\u00e9s legislativos: Medios y Arbitrios, Reforma del Gobierno y Regulaciones, as\u00ed como el Comit\u00e9 Selecto de Reducci\u00f3n del Gobierno. Fundador y propietario de una productora de televisi\u00f3n y video. Vicepresidente del Caucus Legislativo Negro de Indiana. Involucrado con el&hellip;","og_url":"https:\/\/earlharrisjr.us\/?page_id=422&lang=es","og_site_name":"Earl Harris Jr.","article_modified_time":"2022-06-02T14:01:58+00:00","twitter_card":"summary_large_image","schema":{"@context":"https:\/\/schema.org","@graph":[{"@type":"WebPage","@id":"https:\/\/earlharrisjr.us\/?page_id=422&lang=es","url":"https:\/\/earlharrisjr.us\/?page_id=422&lang=es","name":"Inicio - Earl Harris Jr.","isPartOf":{"@id":"https:\/\/earlharrisjr.us\/#website"},"datePublished":"2020-12-28T10:01:17+00:00","dateModified":"2022-06-02T14:01:58+00:00","breadcrumb":{"@id":"https:\/\/earlharrisjr.us\/?page_id=422&lang=es#breadcrumb"},"inLanguage":"en-US","potentialAction":[{"@type":"ReadAction","target":["https:\/\/earlharrisjr.us\/?page_id=422&lang=es"]}]},{"@type":"BreadcrumbList","@id":"https:\/\/earlharrisjr.us\/?page_id=422&lang=es#breadcrumb","itemListElement":[{"@type":"ListItem","position":1,"name":"Home","item":"https:\/\/earlharrisjr.us\/"},{"@type":"ListItem","position":2,"name":"Inicio"}]},{"@type":"WebSite","@id":"https:\/\/earlharrisjr.us\/#website","url":"https:\/\/earlharrisjr.us\/","name":"Earl Harris Jr.","description":"Indiana State Representative","potentialAction":[{"@type":"SearchAction","target":{"@type":"EntryPoint","urlTemplate":"https:\/\/earlharrisjr.us\/?s={search_term_string}"},"query-input":"required name=search_term_string"}],"inLanguage":"en-US"}]}},"_links":{"self":[{"href":"https:\/\/earlharrisjr.us\/index.php?rest_route=\/wp\/v2\/pages\/422","targetHints":{"allow":["GET"]}}],"collection":[{"href":"https:\/\/earlharrisjr.us\/index.php?rest_route=\/wp\/v2\/pages"}],"about":[{"href":"https:\/\/earlharrisjr.us\/index.php?rest_route=\/wp\/v2\/types\/page"}],"author":[{"embeddable":true,"href":"https:\/\/earlharrisjr.us\/index.php?rest_route=\/wp\/v2\/users\/1"}],"replies":[{"embeddable":true,"href":"https:\/\/earlharrisjr.us\/index.php?rest_route=%2Fwp%2Fv2%2Fcomments&post=422"}],"version-history":[{"count":6,"href":"https:\/\/earlharrisjr.us\/index.php?rest_route=\/wp\/v2\/pages\/422\/revisions"}],"predecessor-version":[{"id":837,"href":"https:\/\/earlharrisjr.us\/index.php?rest_route=\/wp\/v2\/pages\/422\/revisions\/837"}],"wp:attachment":[{"href":"https:\/\/earlharrisjr.us\/index.php?rest_route=%2Fwp%2Fv2%2Fmedia&parent=422"}],"curies":[{"name":"wp","href":"https:\/\/api.w.org\/{rel}","templated":true}]}}