{"id":445,"date":"2020-12-28T10:08:03","date_gmt":"2020-12-28T10:08:03","guid":{"rendered":"http:\/\/earlharrisjr.com\/sobre-earl\/"},"modified":"2022-05-27T19:49:05","modified_gmt":"2022-05-27T19:49:05","slug":"sobre-earl","status":"publish","type":"page","link":"https:\/\/earlharrisjr.us\/?page_id=445&lang=es","title":{"rendered":"Sobre Earl"},"content":{"rendered":"\n\n\t\t\t\t<img loading=\"lazy\" decoding=\"async\" src=\"https:\/\/earlharrisjr.us\/wp-content\/uploads\/2022\/05\/Earl-H_About-1.png\" alt=\"Earl-H_About-1\" itemprop=\"image\" height=\"600\" width=\"1550\" title=\"Earl-H_About-1\" onerror=\"this.style.display='none'\"  \/>\n<h1>\n\t\tSobre Earl L. Harris, Jr.\n\t<\/h1>\n\t<p>El representante estatal Earl L. Harris, Jr., fue elegido por primera vez para la C\u00e1mara de Representantes de Indiana en 2016. Representa al Distrito 2 de la C\u00e1mara de Indiana, que se encuentra dentro del condado de Lake.<\/p>\n<p>Harris se desempe\u00f1a como asistente dem\u00f3crata y en los siguientes comit\u00e9s legislativos: Medios y Arbitrios, Gobierno y Reforma Regulatoria, y el Comit\u00e9 Selecto de Reducci\u00f3n del Gobierno.<\/p>\n<p>El 20 de noviembre de 2018, el representante Harris fue nombrado vicepresidente del Caucus Legislativo Negro de Indiana.<\/p>\n<p>Harris es el fundador y propietario de una compa\u00f1\u00eda de producci\u00f3n de video y televisi\u00f3n, Motivation Media, que produce videos de marketing y comunicaci\u00f3n para clientes y programaci\u00f3n para cadenas de televisi\u00f3n. a recibido dos nominaciones al Emmy por sus programas producidos para FOX Sports Midwest. Harris tambi\u00e9n ha producido programas para otras cadenas, incluida PBS, y ha trabajado como talento en comerciales y videos.<\/p>\n<p>Harris es tambi\u00e9n fundador y propietario de la empresa de propiedad Harvel, que posee propiedades comerciales y residenciales.<\/p>\n<p>Las organizaciones con las que Harris ha estado involucrado anteriormente incluyen el Indiana Latino Institute, Noble of Indiana, Joy&#8217;s House y el Programa de Mentores de Estudiantes Emprendedores Proveedores de IPS.<\/p>\n\t<p>En 1992 obtuvo su licenciatura en telecomunicaciones en la Universidad de Indiana. Mientras estuvo all\u00ed, se desempe\u00f1\u00f3 como vicepresidente de IUPUI Open Channel. En 2012, obtuvo su maestr\u00eda en telecomunicaciones con un enfoque en narraci\u00f3n digital de Ball State. Mientras completaba su maestr\u00eda, gan\u00f3 un WIPB &#8211; Beca de televisi\u00f3n que financi\u00f3 la producci\u00f3n de un documental que produjo titulado &#8220;En mi piel: moldeando la identidad multirracial en Indiana&#8221;, que se transmiti\u00f3 por PBS.<\/p>\n\n<p>Durante sus a\u00f1os universitarios, Harris pas\u00f3 un semestre en WXIN y WTTV, produciendo segmentos para un programa de asuntos comunitarios y editando segmentos para un programa deportivo en vivo.<\/p>\n\n<p>Despu\u00e9s de graduarse, trabaj\u00f3 para Educational Television Cooperative como gerente de operaciones antes de pasar a trabajar para las Escuelas P\u00fablicas de Indian\u00e1polis como jefe de departamento y productor \/ director senior de televisi\u00f3n para la Divisi\u00f3n de Relaciones P\u00fablicas \/ Televisi\u00f3n de IPS y sirvi\u00f3 como mentor para los estudiantes. De 1999 a 2007, se desempe\u00f1\u00f3 como presidente de la Educational Television Cooperative. Harris tambi\u00e9n asumi\u00f3 un puesto de productor de proyectos especiales en 2011 trabajando en videos de marketing para KPWR-FM Power 106 en Burbank, CA.<\/p>\n\n<p>Harris es miembro de la Junta de Presidentes del Caucus Hispano, Comisi\u00f3n de Asuntos Hispanos \/ Latinos, East Chicago Urban Enterprise Association, Corporaci\u00f3n de Gesti\u00f3n y Desarrollo Empresarial, Caucus Legislativo Negro de Indiana, NAACP, Caucus Nacional Negro de Legisladores Estatales, Asociaci\u00f3n Nacional de Funcionarios Latinos Electos y Designados, y Caucus Nacional Hispano de Legisladores Estatales.<\/p>\n\t\t\t<a href=\"https:\/\/secure.actblue.com\/donate\/earl-harris-2\" target=\"_blank\" role=\"button\" rel=\"noopener\">\n\t\t\t\t\t\t\tDonaci\u00f3n\n\t\t\t\t\t<\/a>\n\t\t\t<a href=\"http:\/\/iga.in.gov\/legislative\/2021\/legislators\/legislator_earl_harris_1\/\" target=\"_blank\" role=\"button\" rel=\"noopener\">\n\t\t\t\t\t\t\tLegislaci\u00f3n\n\t\t\t\t\t<\/a>\n\n","protected":false},"excerpt":{"rendered":"<p>Sobre Earl L. Harris, Jr. El representante estatal Earl L. Harris, Jr., fue elegido por primera vez para la C\u00e1mara de Representantes de Indiana en 2016. Representa al Distrito 2 de la C\u00e1mara de Indiana, que se encuentra dentro del condado de Lake. Harris se desempe\u00f1a como asistente dem\u00f3crata y en los siguientes comit\u00e9s legislativos:&hellip;<\/p>\n","protected":false},"author":1,"featured_media":0,"parent":0,"menu_order":0,"comment_status":"closed","ping_status":"closed","template":"","meta":{"footnotes":""},"class_list":["post-445","page","type-page","status-publish","hentry"],"yoast_head":"<!-- This site is optimized with the Yoast SEO plugin v22.8 - https:\/\/yoast.com\/wordpress\/plugins\/seo\/ -->\n<title>Sobre Earl - Earl Harris Jr.<\/title>\n<meta name=\"robots\" content=\"index, follow, max-snippet:-1, max-image-preview:large, max-video-preview:-1\" \/>\n<link rel=\"canonical\" href=\"https:\/\/earlharrisjr.us\/?page_id=445\" \/>\n<meta property=\"og:locale\" content=\"en_US\" \/>\n<meta property=\"og:type\" content=\"article\" \/>\n<meta property=\"og:title\" content=\"Sobre Earl - Earl Harris Jr.\" \/>\n<meta property=\"og:description\" content=\"Sobre Earl L. Harris, Jr. El representante estatal Earl L. Harris, Jr., fue elegido por primera vez para la C\u00e1mara de Representantes de Indiana en 2016. Representa al Distrito 2 de la C\u00e1mara de Indiana, que se encuentra dentro del condado de Lake. Harris se desempe\u00f1a como asistente dem\u00f3crata y en los siguientes comit\u00e9s legislativos:&hellip;\" \/>\n<meta property=\"og:url\" content=\"https:\/\/earlharrisjr.us\/?page_id=445&amp;lang=es\" \/>\n<meta property=\"og:site_name\" content=\"Earl Harris Jr.\" \/>\n<meta property=\"article:modified_time\" content=\"2022-05-27T19:49:05+00:00\" \/>\n<meta property=\"og:image\" content=\"https:\/\/earlharrisjr.us\/wp-content\/uploads\/2022\/05\/Earl-H_About-1.png\" \/>\n<meta name=\"twitter:card\" content=\"summary_large_image\" \/>\n<script type=\"application\/ld+json\" class=\"yoast-schema-graph\">{\"@context\":\"https:\/\/schema.org\",\"@graph\":[{\"@type\":\"WebPage\",\"@id\":\"https:\/\/earlharrisjr.us\/?page_id=445&lang=es\",\"url\":\"https:\/\/earlharrisjr.us\/?page_id=445&lang=es\",\"name\":\"Sobre Earl - Earl Harris Jr.\",\"isPartOf\":{\"@id\":\"https:\/\/earlharrisjr.us\/#website\"},\"primaryImageOfPage\":{\"@id\":\"https:\/\/earlharrisjr.us\/?page_id=445&lang=es#primaryimage\"},\"image\":{\"@id\":\"https:\/\/earlharrisjr.us\/?page_id=445&lang=es#primaryimage\"},\"thumbnailUrl\":\"https:\/\/earlharrisjr.us\/wp-content\/uploads\/2022\/05\/Earl-H_About-1.png\",\"datePublished\":\"2020-12-28T10:08:03+00:00\",\"dateModified\":\"2022-05-27T19:49:05+00:00\",\"breadcrumb\":{\"@id\":\"https:\/\/earlharrisjr.us\/?page_id=445&lang=es#breadcrumb\"},\"inLanguage\":\"en-US\",\"potentialAction\":[{\"@type\":\"ReadAction\",\"target\":[\"https:\/\/earlharrisjr.us\/?page_id=445&lang=es\"]}]},{\"@type\":\"ImageObject\",\"inLanguage\":\"en-US\",\"@id\":\"https:\/\/earlharrisjr.us\/?page_id=445&lang=es#primaryimage\",\"url\":\"https:\/\/earlharrisjr.us\/wp-content\/uploads\/2022\/05\/Earl-H_About-1.png\",\"contentUrl\":\"https:\/\/earlharrisjr.us\/wp-content\/uploads\/2022\/05\/Earl-H_About-1.png\",\"width\":1550,\"height\":600},{\"@type\":\"BreadcrumbList\",\"@id\":\"https:\/\/earlharrisjr.us\/?page_id=445&lang=es#breadcrumb\",\"itemListElement\":[{\"@type\":\"ListItem\",\"position\":1,\"name\":\"Home\",\"item\":\"https:\/\/earlharrisjr.us\/\"},{\"@type\":\"ListItem\",\"position\":2,\"name\":\"Sobre Earl\"}]},{\"@type\":\"WebSite\",\"@id\":\"https:\/\/earlharrisjr.us\/#website\",\"url\":\"https:\/\/earlharrisjr.us\/\",\"name\":\"Earl Harris Jr.\",\"description\":\"Indiana State Representative\",\"potentialAction\":[{\"@type\":\"SearchAction\",\"target\":{\"@type\":\"EntryPoint\",\"urlTemplate\":\"https:\/\/earlharrisjr.us\/?s={search_term_string}\"},\"query-input\":\"required name=search_term_string\"}],\"inLanguage\":\"en-US\"}]}<\/script>\n<!-- \/ Yoast SEO plugin. -->","yoast_head_json":{"title":"Sobre Earl - Earl Harris Jr.","robots":{"index":"index","follow":"follow","max-snippet":"max-snippet:-1","max-image-preview":"max-image-preview:large","max-video-preview":"max-video-preview:-1"},"canonical":"https:\/\/earlharrisjr.us\/?page_id=445","og_locale":"en_US","og_type":"article","og_title":"Sobre Earl - Earl Harris Jr.","og_description":"Sobre Earl L. Harris, Jr. El representante estatal Earl L. Harris, Jr., fue elegido por primera vez para la C\u00e1mara de Representantes de Indiana en 2016. Representa al Distrito 2 de la C\u00e1mara de Indiana, que se encuentra dentro del condado de Lake. Harris se desempe\u00f1a como asistente dem\u00f3crata y en los siguientes comit\u00e9s legislativos:&hellip;","og_url":"https:\/\/earlharrisjr.us\/?page_id=445&lang=es","og_site_name":"Earl Harris Jr.","article_modified_time":"2022-05-27T19:49:05+00:00","og_image":[{"url":"https:\/\/earlharrisjr.us\/wp-content\/uploads\/2022\/05\/Earl-H_About-1.png"}],"twitter_card":"summary_large_image","schema":{"@context":"https:\/\/schema.org","@graph":[{"@type":"WebPage","@id":"https:\/\/earlharrisjr.us\/?page_id=445&lang=es","url":"https:\/\/earlharrisjr.us\/?page_id=445&lang=es","name":"Sobre Earl - Earl Harris Jr.","isPartOf":{"@id":"https:\/\/earlharrisjr.us\/#website"},"primaryImageOfPage":{"@id":"https:\/\/earlharrisjr.us\/?page_id=445&lang=es#primaryimage"},"image":{"@id":"https:\/\/earlharrisjr.us\/?page_id=445&lang=es#primaryimage"},"thumbnailUrl":"https:\/\/earlharrisjr.us\/wp-content\/uploads\/2022\/05\/Earl-H_About-1.png","datePublished":"2020-12-28T10:08:03+00:00","dateModified":"2022-05-27T19:49:05+00:00","breadcrumb":{"@id":"https:\/\/earlharrisjr.us\/?page_id=445&lang=es#breadcrumb"},"inLanguage":"en-US","potentialAction":[{"@type":"ReadAction","target":["https:\/\/earlharrisjr.us\/?page_id=445&lang=es"]}]},{"@type":"ImageObject","inLanguage":"en-US","@id":"https:\/\/earlharrisjr.us\/?page_id=445&lang=es#primaryimage","url":"https:\/\/earlharrisjr.us\/wp-content\/uploads\/2022\/05\/Earl-H_About-1.png","contentUrl":"https:\/\/earlharrisjr.us\/wp-content\/uploads\/2022\/05\/Earl-H_About-1.png","width":1550,"height":600},{"@type":"BreadcrumbList","@id":"https:\/\/earlharrisjr.us\/?page_id=445&lang=es#breadcrumb","itemListElement":[{"@type":"ListItem","position":1,"name":"Home","item":"https:\/\/earlharrisjr.us\/"},{"@type":"ListItem","position":2,"name":"Sobre Earl"}]},{"@type":"WebSite","@id":"https:\/\/earlharrisjr.us\/#website","url":"https:\/\/earlharrisjr.us\/","name":"Earl Harris Jr.","description":"Indiana State Representative","potentialAction":[{"@type":"SearchAction","target":{"@type":"EntryPoint","urlTemplate":"https:\/\/earlharrisjr.us\/?s={search_term_string}"},"query-input":"required name=search_term_string"}],"inLanguage":"en-US"}]}},"_links":{"self":[{"href":"https:\/\/earlharrisjr.us\/index.php?rest_route=\/wp\/v2\/pages\/445","targetHints":{"allow":["GET"]}}],"collection":[{"href":"https:\/\/earlharrisjr.us\/index.php?rest_route=\/wp\/v2\/pages"}],"about":[{"href":"https:\/\/earlharrisjr.us\/index.php?rest_route=\/wp\/v2\/types\/page"}],"author":[{"embeddable":true,"href":"https:\/\/earlharrisjr.us\/index.php?rest_route=\/wp\/v2\/users\/1"}],"replies":[{"embeddable":true,"href":"https:\/\/earlharrisjr.us\/index.php?rest_route=%2Fwp%2Fv2%2Fcomments&post=445"}],"version-history":[{"count":4,"href":"https:\/\/earlharrisjr.us\/index.php?rest_route=\/wp\/v2\/pages\/445\/revisions"}],"predecessor-version":[{"id":802,"href":"https:\/\/earlharrisjr.us\/index.php?rest_route=\/wp\/v2\/pages\/445\/revisions\/802"}],"wp:attachment":[{"href":"https:\/\/earlharrisjr.us\/index.php?rest_route=%2Fwp%2Fv2%2Fmedia&parent=445"}],"curies":[{"name":"wp","href":"https:\/\/api.w.org\/{rel}","templated":true}]}}